{"id":72,"date":"2021-09-15T11:27:36","date_gmt":"2021-09-15T11:27:36","guid":{"rendered":"https:\/\/decortavora.pt\/wp001\/?page_id=72"},"modified":"2021-11-20T16:13:53","modified_gmt":"2021-11-20T16:13:53","slug":"quem-somos","status":"publish","type":"page","link":"https:\/\/decortavora.pt\/wp001\/quem-somos\/","title":{"rendered":"p_0001"},"content":{"rendered":"<div class=\"\" style=\"\" >\n    \n    <section class=\"u-align-left u-clearfix u-grey-5 u-section-2\" id=\"sec-8c82\">\n      <div class=\"u-clearfix u-sheet u-sheet-1\">\n        <div class=\"u-container-style u-expanded-width-md u-expanded-width-sm u-expanded-width-xs u-group u-similar-fill u-group-1\">\n          <div class=\"u-container-layout u-container-layout-1\">\n            <h3 class=\"u-align-center u-text u-text-1\">Acerca da Decort\u00e1vora<\/h3>\n            <h2 class=\"u-align-center u-custom-font u-text u-text-2\">Quem somos<\/h2>\n            <p class=\"u-align-center u-text u-text-3\">Decort\u00e1vora, nasceu no ano de 1976, ainda em nome individual e pelo espirito empreendedor dos fundadores Manuel dos Santos R\u00eago e a esposa Ol\u00edvia de Jesus Lopes Andr\u00e9, que come\u00e7aram a sua atividade com a abertura de uma pequena loja por baixo da sua resid\u00eancia e com a compra de um pequeno cami\u00e3o para venda de materiais de constru\u00e7\u00e3o.<\/p>\n          <\/div>\n        <\/div>\n        <div class=\"u-clearfix u-expanded-width u-gutter-20 u-layout-wrap u-layout-wrap-1\">\n          <div class=\"u-layout\">\n            <div class=\"u-layout-row\">\n              <div class=\"u-size-29 u-size-30-md\">\n                <div class=\"u-layout-col\">\n                  <div class=\"u-container-style u-layout-cell u-left-cell u-size-30 u-layout-cell-1\">\n                    <div class=\"u-container-layout\">\n                      <h3 class=\"u-custom-font u-text u-text-4\">Acerca<\/h3>\n                      <p class=\"u-text u-text-5\">Desde ent\u00e3o, a empresa tem vindo a crescer e a ganhar espa\u00e7o no mercado em que est\u00e1 inserida, alargando a sua oferta de produtos. <br>\n                        <br>A qualidade que desde logo foi imposta ao nosso servi\u00e7o, tem-nos permitido conquistar a confian\u00e7a dos nossos parceiros, quer sejam clientes ou fornecedores. Somos hoje uma empresa s\u00f3lida e de refer\u00eancia na regi\u00e3o e no sector. <br>\n                        <br>\n                      <\/p>\n                    <\/div>\n                  <\/div>\n                  <div class=\"u-container-style u-layout-cell u-left-cell u-size-30 u-layout-cell-2\">\n                    <div class=\"u-container-layout u-valign-top\">\n                      <h3 class=\"u-custom-font u-text u-text-6\">Miss\u00e3o e Valores<\/h3>\n                      <p class=\"u-text u-text-7\">A nossa miss\u00e3o \u00e9 adequar os materiais por n\u00f3s comercializados \u00e0s necessidades dos nossos clientes e parceiros de neg\u00f3cios, utilizando um modelo de neg\u00f3cios aberto no qual se possam aproveitar e potenciar as sinergias da\u00ed resultantes. <br>\n                        <br>Os nossos valores centram-se na efici\u00eancia e rigor, tendo em vista um relacionamento de longo prazo com os nossos clientes. Procuramos ter sempre uma rela\u00e7\u00e3o de confian\u00e7a com todos os nossos parceiros, sejam eles clientes ou fornecedores. <br>\n                        <br>Honramos os compromissos assumidos e cumprimos o que prometemos, agindo sempre de acordo com os nossos princ\u00edpios e palavra. <br>\n                        <br>Temos uma cont\u00ednua preocupa\u00e7\u00e3o social e ambiental na nossa atividade, procurando no dia a dia implementar boas pr\u00e1ticas e agir com respeito pelas pessoas e ambiente.\n                      <\/p>\n                    <\/div>\n                  <\/div>\n                <\/div>\n              <\/div>\n              <div class=\"u-size-17 u-size-30-md\">\n                <div class=\"u-layout-row\">\n                  <div class=\"u-container-style u-image u-layout-cell u-size-60 u-image-1\" data-image-width=\"1900\" data-image-height=\"900\">\n                    <div class=\"u-container-layout\"><\/div>\n                  <\/div>\n                <\/div>\n              <\/div>\n              <div class=\"u-size-14 u-size-60-md\">\n                <div class=\"u-layout-col\">\n                  <div class=\"u-container-style u-layout-cell u-right-cell u-size-20 u-layout-cell-4\">\n                    <div class=\"u-container-layout u-valign-top\">\n                      <h3 class=\"u-custom-font u-text u-text-8\">Objectivos<\/h3>\n                      <p class=\"u-text u-text-9\">Hoje, j\u00e1 com uma nova gera\u00e7\u00e3o \u00e0 frente do neg\u00f3cio, temos uma empresa din\u00e2mica, que nos tem permitido procurar solu\u00e7\u00f5es inovadoras e crescer de forma sustentada. Contamos com uma pan\u00f3plia de artigos das melhores marcas para satisfazer as necessidades de cada cliente.&nbsp;&nbsp;<br>\n                      <\/p>\n                    <\/div>\n                  <\/div>\n                  <div class=\"u-container-style u-layout-cell u-right-cell u-size-20 u-layout-cell-5\">\n                    <div class=\"u-container-layout u-valign-top\">\n                      <h3 class=\"u-custom-font u-text u-text-10\">Localiza\u00e7\u00e3o<\/h3>\n                      <p class=\"u-text u-text-11\">Estamos implantados em um terreno de cerca de 100.000m2, onde al\u00e9m de diversos espa\u00e7os de armazenagem, temos o nosso edif\u00edcio principal com 700m2 de \u00e1rea, onde est\u00e1 a nossa loja \/exposi\u00e7\u00e3o de venda ao p\u00fablico.&nbsp;&nbsp;<br>\n                      <\/p>\n                    <\/div>\n                  <\/div>\n                  <div class=\"u-container-style u-layout-cell u-right-cell u-size-20 u-layout-cell-6\">\n                    <div class=\"u-container-layout u-valign-top\">\n                      <h3 class=\"u-custom-font u-text u-text-12\">Qualidade<\/h3>\n                      <p class=\"u-text u-text-13\">Com base na qualidade dos nossos artigos, na excel\u00eancia do nosso servi\u00e7o e na compet\u00eancia da nossa equipa, oferecemos solu\u00e7\u00f5es inovadoras e de elevado valor acrescentado, que visam a melhoria do bem-estar e qualidade de vida dos nossos clientes, atrav\u00e9s de uma cont\u00ednua melhoria dos nossos produtos e servi\u00e7os.<\/p>\n                    <\/div>\n                  <\/div>\n                <\/div>\n              <\/div>\n            <\/div>\n          <\/div>\n        <\/div>\n      <\/div>\n    <\/section>\n    <section class=\"u-align-center u-clearfix u-grey-5 u-section-3\" id=\"carousel_9383\">\n      <div class=\"u-clearfix u-sheet u-sheet-1\">\n        <h2 class=\"u-custom-font u-font-montserrat u-text u-text-1\">Consulte os cat\u00e1logos dispon\u00edveis e as nossas promo\u00e7\u00f5es<\/h2>\n        <div class=\"u-clearfix u-expanded-width u-gutter-20 u-layout-wrap u-layout-wrap-1\">\n          <div class=\"u-gutter-0 u-layout\">\n            <div class=\"u-layout-col\">\n              <div class=\"u-size-20\">\n                <div class=\"u-layout-row\">\n                  <div class=\"u-container-style u-image u-layout-cell u-size-20 u-image-1\" data-image-width=\"1331\" data-image-height=\"749\">\n                    <div class=\"u-container-layout u-container-layout-1\"><\/div>\n                  <\/div>\n                  <div class=\"u-container-style u-layout-cell u-size-20 u-layout-cell-2\">\n                    <div class=\"u-border-20 u-border-palette-3-base u-container-layout u-valign-top-lg u-valign-top-xl u-container-layout-2\">\n                      <h4 class=\"u-custom-font u-font-montserrat u-text u-text-default-lg u-text-default-xl u-text-2\"> We create living, breathing structures that inspire and serve.<\/h4>\n                    <\/div>\n                  <\/div>\n                  <div class=\"u-align-left u-container-style u-layout-cell u-size-20 u-layout-cell-3\">\n                    <div class=\"u-container-layout u-valign-top u-container-layout-3\">\n                      <p class=\"u-text u-text-default u-text-3\"> Duis aute irure dolor in reprehenderit in voluptate velit esse cillum dolore eu fugiat nulla pariatur. Excepteur sint occaecat cupidatat non proident, sunt in culpa qui officia deserunt mollit anim id est laborum.<\/p>\n                      <a href=\"https:\/\/nicepage.com\/pt\/modelos-joomla\" class=\"u-black u-border-2 u-border-black u-btn u-btn-round u-button-style u-radius-5 u-btn-1\">Learn More<\/a>\n                    <\/div>\n                  <\/div>\n                <\/div>\n              <\/div>\n              <div class=\"u-size-20\">\n                <div class=\"u-layout-row\">\n                  <div class=\"u-container-style u-image u-layout-cell u-size-20 u-image-2\" data-image-width=\"1126\" data-image-height=\"1500\">\n                    <div class=\"u-container-layout u-container-layout-4\"><\/div>\n                  <\/div>\n                  <div class=\"u-align-center-sm u-container-style u-layout-cell u-size-20 u-layout-cell-5\">\n                    <div class=\"u-container-layout u-valign-middle-lg u-valign-middle-md u-valign-middle-sm u-valign-middle-xl u-container-layout-5\">\n                      <div class=\"u-align-center-sm u-align-center-xs u-image u-image-circle u-image-3\" data-image-width=\"399\" data-image-height=\"376\"><\/div>\n                      <div class=\"u-align-center-sm u-align-center-xs u-image u-image-circle u-image-4\" data-image-width=\"399\" data-image-height=\"376\"><\/div>\n                    <\/div>\n                  <\/div>\n                  <div class=\"u-container-style u-image u-layout-cell u-size-20 u-image-5\" data-image-width=\"720\" data-image-height=\"1080\">\n                    <div class=\"u-container-layout u-container-layout-6\"><\/div>\n                  <\/div>\n                <\/div>\n              <\/div>\n              <div class=\"u-size-20\">\n                <div class=\"u-layout-row\">\n                  <div class=\"u-align-center-xs u-container-style u-grey-90 u-layout-cell u-size-20 u-layout-cell-7\">\n                    <div class=\"u-container-layout u-valign-middle u-container-layout-7\">\n                      <div class=\"u-image u-image-circle u-image-6\" data-image-width=\"1620\" data-image-height=\"1080\"><\/div>\n                    <\/div>\n                  <\/div>\n                  <div class=\"u-container-style u-image u-layout-cell u-size-20 u-image-7\" data-image-width=\"765\" data-image-height=\"956\">\n                    <div class=\"u-container-layout u-container-layout-8\"><\/div>\n                  <\/div>\n                  <div class=\"u-container-style u-layout-cell u-size-20 u-layout-cell-9\">\n                    <div class=\"u-border-20 u-border-palette-3-base u-container-layout u-valign-middle u-container-layout-9\">\n                      <div class=\"u-social-icons u-spacing-10 u-social-icons-1\">\n                        <a class=\"u-social-url\" title=\"facebook\" target=\"_blank\" href=\"https:\/\/facebook.com\/name\"><span class=\"u-icon u-social-facebook u-social-icon u-text-black\"><svg class=\"u-svg-link\" preserveAspectRatio=\"xMidYMin slice\" viewBox=\"0 0 112 112\" style=\"\"><use xlink:href=\"#svg-65eb\"><\/use><\/svg><svg class=\"u-svg-content\" viewBox=\"0 0 112 112\" x=\"0\" y=\"0\" id=\"svg-65eb\"><path fill=\"currentColor\" d=\"M75.5,28.8H65.4c-1.5,0-4,0.9-4,4.3v9.4h13.9l-1.5,15.8H61.4v45.1H42.8V58.3h-8.8V42.4h8.8V32.2\nc0-7.4,3.4-18.8,18.8-18.8h13.8v15.4H75.5z\"><\/path><\/svg><\/span>\n                        <\/a>\n                        <a class=\"u-social-url\" title=\"twitter\" target=\"_blank\" href=\"https:\/\/twitter.com\/name\"><span class=\"u-icon u-social-icon u-social-twitter u-text-black\"><svg class=\"u-svg-link\" preserveAspectRatio=\"xMidYMin slice\" viewBox=\"0 0 112 112\" style=\"\"><use xlink:href=\"#svg-1bc9\"><\/use><\/svg><svg class=\"u-svg-content\" viewBox=\"0 0 112 112\" x=\"0\" y=\"0\" id=\"svg-1bc9\"><path fill=\"currentColor\" d=\"M92.2,38.2c0,0.8,0,1.6,0,2.3c0,24.3-18.6,52.4-52.6,52.4c-10.6,0.1-20.2-2.9-28.5-8.2\n\tc1.4,0.2,2.9,0.2,4.4,0.2c8.7,0,16.7-2.9,23-7.9c-8.1-0.2-14.9-5.5-17.3-12.8c1.1,0.2,2.4,0.2,3.4,0.2c1.6,0,3.3-0.2,4.8-0.7\n\tc-8.4-1.6-14.9-9.2-14.9-18c0-0.2,0-0.2,0-0.2c2.5,1.4,5.4,2.2,8.4,2.3c-5-3.3-8.3-8.9-8.3-15.4c0-3.4,1-6.5,2.5-9.2\n\tc9.1,11.1,22.7,18.5,38,19.2c-0.2-1.4-0.4-2.8-0.4-4.3c0.1-10,8.3-18.2,18.5-18.2c5.4,0,10.1,2.2,13.5,5.7c4.3-0.8,8.1-2.3,11.7-4.5\n\tc-1.4,4.3-4.3,7.9-8.1,10.1c3.7-0.4,7.3-1.4,10.6-2.9C98.9,32.3,95.7,35.5,92.2,38.2z\"><\/path><\/svg><\/span>\n                        <\/a>\n                        <a class=\"u-social-url\" title=\"instagram\" target=\"_blank\" href=\"https:\/\/instagram.com\/name\"><span class=\"u-icon u-social-icon u-social-instagram u-text-black\"><svg class=\"u-svg-link\" preserveAspectRatio=\"xMidYMin slice\" viewBox=\"0 0 112 112\" style=\"\"><use xlink:href=\"#svg-e95e\"><\/use><\/svg><svg class=\"u-svg-content\" viewBox=\"0 0 112 112\" x=\"0\" y=\"0\" id=\"svg-e95e\"><path fill=\"currentColor\" d=\"M55.9,32.9c-12.8,0-23.2,10.4-23.2,23.2s10.4,23.2,23.2,23.2s23.2-10.4,23.2-23.2S68.7,32.9,55.9,32.9z\n\t M55.9,69.4c-7.4,0-13.3-6-13.3-13.3c-0.1-7.4,6-13.3,13.3-13.3s13.3,6,13.3,13.3C69.3,63.5,63.3,69.4,55.9,69.4z\"><\/path><path fill=\"#FFFFFF\" d=\"M79.7,26.8c-3,0-5.4,2.5-5.4,5.4s2.5,5.4,5.4,5.4c3,0,5.4-2.5,5.4-5.4S82.7,26.8,79.7,26.8z\"><\/path><path fill=\"currentColor\" d=\"M78.2,11H33.5C21,11,10.8,21.3,10.8,33.7v44.7c0,12.6,10.2,22.8,22.7,22.8h44.7c12.6,0,22.7-10.2,22.7-22.7\n\tV33.7C100.8,21.1,90.6,11,78.2,11z M91,78.4c0,7.1-5.8,12.8-12.8,12.8H33.5c-7.1,0-12.8-5.8-12.8-12.8V33.7\n\tc0-7.1,5.8-12.8,12.8-12.8h44.7c7.1,0,12.8,5.8,12.8,12.8V78.4z\"><\/path><\/svg><\/span>\n                        <\/a>\n                      <\/div>\n                    <\/div>\n                  <\/div>\n                <\/div>\n              <\/div>\n            <\/div>\n          <\/div>\n        <\/div>\n        <p class=\"u-text u-text-default u-text-4\">Image from <a href=\"https:\/\/www.freepik.com\/photos\/background\" class=\"u-active-none u-border-1 u-border-black u-btn u-button-link u-button-style u-hover-none u-none u-text-body-color u-btn-2\" target=\"_blank\">Freepik<\/a>\n        <\/p>\n      <\/div>\n    <\/section>\n    \n    \n  \n<\/div>","protected":false},"excerpt":{"rendered":"<p>Acerca da Decort\u00e1vora Quem somos Decort\u00e1vora, nasceu no ano de 1976, ainda em nome individual e pelo espirito empreendedor dos fundadores Manuel dos Santos R\u00eago e a esposa Ol\u00edvia de Jesus Lopes Andr\u00e9, que come\u00e7aram a sua atividade com a abertura de uma pequena loja por baixo da sua resid\u00eancia e com a compra de&hellip; <a class=\"more-link\" href=\"https:\/\/decortavora.pt\/wp001\/quem-somos\/\">Continue a ler <span class=\"screen-reader-text\">p_0001<\/span><\/a><\/p>\n","protected":false},"author":1,"featured_media":0,"parent":0,"menu_order":0,"comment_status":"closed","ping_status":"closed","template":"","meta":{"footnotes":""},"class_list":["post-72","page","type-page","status-publish","hentry","entry"],"_links":{"self":[{"href":"https:\/\/decortavora.pt\/wp001\/wp-json\/wp\/v2\/pages\/72","targetHints":{"allow":["GET"]}}],"collection":[{"href":"https:\/\/decortavora.pt\/wp001\/wp-json\/wp\/v2\/pages"}],"about":[{"href":"https:\/\/decortavora.pt\/wp001\/wp-json\/wp\/v2\/types\/page"}],"author":[{"embeddable":true,"href":"https:\/\/decortavora.pt\/wp001\/wp-json\/wp\/v2\/users\/1"}],"replies":[{"embeddable":true,"href":"https:\/\/decortavora.pt\/wp001\/wp-json\/wp\/v2\/comments?post=72"}],"version-history":[{"count":7,"href":"https:\/\/decortavora.pt\/wp001\/wp-json\/wp\/v2\/pages\/72\/revisions"}],"predecessor-version":[{"id":148,"href":"https:\/\/decortavora.pt\/wp001\/wp-json\/wp\/v2\/pages\/72\/revisions\/148"}],"wp:attachment":[{"href":"https:\/\/decortavora.pt\/wp001\/wp-json\/wp\/v2\/media?parent=72"}],"curies":[{"name":"wp","href":"https:\/\/api.w.org\/{rel}","templated":true}]}}